{"id":15,"date":"2025-03-25T18:11:08","date_gmt":"2025-03-25T18:11:08","guid":{"rendered":"https:\/\/sigmma.madweb.com.pl\/?page_id=15"},"modified":"2025-04-21T15:01:32","modified_gmt":"2025-04-21T15:01:32","slug":"o-nas","status":"publish","type":"page","link":"http:\/\/sigmma.pl\/index.php\/o-nas\/","title":{"rendered":"O nas"},"content":{"rendered":"\n<div class=\"wp-block-cover alignfull\"><img loading=\"lazy\" decoding=\"async\" width=\"612\" height=\"408\" class=\"wp-block-cover__image-background wp-image-22\" alt=\"\" src=\"http:\/\/sigmma.pl\/wp-content\/uploads\/2025\/03\/IMG_4377.jpeg\" data-object-fit=\"cover\" srcset=\"http:\/\/sigmma.pl\/wp-content\/uploads\/2025\/03\/IMG_4377.jpeg 612w, http:\/\/sigmma.pl\/wp-content\/uploads\/2025\/03\/IMG_4377-300x200.jpeg 300w\" sizes=\"auto, (max-width: 612px) 100vw, 612px\" \/><span aria-hidden=\"true\" class=\"wp-block-cover__background has-background-dim\"><\/span><div class=\"wp-block-cover__inner-container is-layout-flow wp-block-cover-is-layout-flow\">\n<h1 class=\"gutenakitid-2580410d-5c38-4461-828f-884dd6676434 has-huge-font-size wp-block-heading has-text-align-center has-large-font-size\">O nas<\/h1>\n<\/div><\/div>\n\n\n\n<h6 class=\"gutenakitid-c87413aa-b154-47ed-9e4c-0c8d03a4b1e6  wp-block-heading has-text-align-left\">KIM JESTE\u015aMY I CZYM SI\u0118 ZAJMUJEMY?<\/h6>\n\n\n\n<h5 class=\"gutenakitid-b8dbd42a-e36a-45ac-841b-176f47e3d2a2  wp-block-heading has-text-align-left\"><strong>O Sigmma<\/strong><\/h5>\n\n\n\n<p class=\"has-text-align-left\">Centrum dzia\u0142a w obszarze spo\u0142ecznym, rynku pracy i edukacyjnym. \u015awiadczy kompleksowe us\u0142ugi w zakresie pomocy przy pozyskiwaniu dotacji z&nbsp;funduszy unijnych i \u015brodk\u00f3w publicznych, a tak\u017ce przy rozwoju kompetencji zawodowych poprzez organizacj\u0119 warsztat\u00f3w, szkole\u0144, kurs\u00f3w, sta\u017cy zawodowych.<br>Doradzamy nie tylko&nbsp;jak skutecznie pozyska\u0107 dotacj\u0119, ale te\u017c&nbsp;jak poprawnie zrealizowa\u0107 i rozliczy\u0107 projekt, jak zainwestowa\u0107 w rozw\u00f3j by zwi\u0119kszy\u0107 swoje szanse na rynku pracy. Ponadto wsp\u00f3\u0142pracujemy z otoczeniem biznesu w zakresie analizy potrzeb rynku pracy i kszta\u0142cenia zawodowego. Obszar dzia\u0142alno\u015bci obejmuje teren ca\u0142ej Polski.<\/p>\n","protected":false},"excerpt":{"rendered":"<p>KIM JESTE\u015aMY I CZYM SI\u0118 ZAJMUJEMY? O Sigmma Centrum dzia\u0142a w obszarze spo\u0142ecznym, rynku pracy i edukacyjnym. \u015awiadczy kompleksowe us\u0142ugi w zakresie pomocy przy pozyskiwaniu dotacji z&nbsp;funduszy unijnych i \u015brodk\u00f3w publicznych, a tak\u017ce przy rozwoju kompetencji zawodowych poprzez organizacj\u0119 warsztat\u00f3w, szkole\u0144, kurs\u00f3w, sta\u017cy zawodowych.Doradzamy nie tylko&nbsp;jak skutecznie pozyska\u0107 dotacj\u0119, ale te\u017c&nbsp;jak poprawnie zrealizowa\u0107 i rozliczy\u0107 [&hellip;]<\/p>\n","protected":false},"author":1,"featured_media":0,"parent":0,"menu_order":0,"comment_status":"closed","ping_status":"closed","template":"","meta":{"footnotes":""},"class_list":["post-15","page","type-page","status-publish","hentry"],"_links":{"self":[{"href":"http:\/\/sigmma.pl\/index.php\/wp-json\/wp\/v2\/pages\/15","targetHints":{"allow":["GET"]}}],"collection":[{"href":"http:\/\/sigmma.pl\/index.php\/wp-json\/wp\/v2\/pages"}],"about":[{"href":"http:\/\/sigmma.pl\/index.php\/wp-json\/wp\/v2\/types\/page"}],"author":[{"embeddable":true,"href":"http:\/\/sigmma.pl\/index.php\/wp-json\/wp\/v2\/users\/1"}],"replies":[{"embeddable":true,"href":"http:\/\/sigmma.pl\/index.php\/wp-json\/wp\/v2\/comments?post=15"}],"version-history":[{"count":14,"href":"http:\/\/sigmma.pl\/index.php\/wp-json\/wp\/v2\/pages\/15\/revisions"}],"predecessor-version":[{"id":209,"href":"http:\/\/sigmma.pl\/index.php\/wp-json\/wp\/v2\/pages\/15\/revisions\/209"}],"wp:attachment":[{"href":"http:\/\/sigmma.pl\/index.php\/wp-json\/wp\/v2\/media?parent=15"}],"curies":[{"name":"wp","href":"https:\/\/api.w.org\/{rel}","templated":true}]}}