{"id":48,"date":"2025-03-25T19:09:17","date_gmt":"2025-03-25T19:09:17","guid":{"rendered":"https:\/\/sigmma.madweb.com.pl\/?page_id=48"},"modified":"2025-04-21T15:01:40","modified_gmt":"2025-04-21T15:01:40","slug":"dotacje","status":"publish","type":"page","link":"http:\/\/sigmma.pl\/index.php\/dotacje\/","title":{"rendered":"Dotacje"},"content":{"rendered":"\n<div class=\"wp-block-cover alignfull\"><img loading=\"lazy\" decoding=\"async\" width=\"612\" height=\"408\" class=\"wp-block-cover__image-background wp-image-46\" alt=\"\" src=\"http:\/\/sigmma.pl\/wp-content\/uploads\/2025\/03\/IMG_4379.jpeg\" data-object-fit=\"cover\" srcset=\"http:\/\/sigmma.pl\/wp-content\/uploads\/2025\/03\/IMG_4379.jpeg 612w, http:\/\/sigmma.pl\/wp-content\/uploads\/2025\/03\/IMG_4379-300x200.jpeg 300w\" sizes=\"auto, (max-width: 612px) 100vw, 612px\" \/><span aria-hidden=\"true\" class=\"wp-block-cover__background has-background-dim\"><\/span><div class=\"wp-block-cover__inner-container is-layout-flow wp-block-cover-is-layout-flow\">\n<h1 class=\"gutenakitid-ad30c1ea-2fb4-4c66-9b8e-c7a5d39ff427 has-huge-font-size wp-block-heading has-text-align-center has-large-font-size\">Dotacje<\/h1>\n<\/div><\/div>\n\n\n\n<h6 class=\"wp-block-heading has-text-align-left has-text-color has-link-color wp-elements-e7c6044c8d91740ee92ef5e4b1ab3ca8\" style=\"color:#898989\">POTRZEBUJESZ POMOCY EKSPERTA?<\/h6>\n\n\n\n<h2 class=\"wp-block-heading has-text-align-left\">Pomo\u017cemy Ci uzyska\u0107 dotacj\u0119<\/h2>\n\n\n\n<h4 class=\"wp-block-heading\">Nasi eksperci<\/h4>\n\n\n\n<p class=\"has-text-align-left\">Nasi eksperci na co dzie\u0144 pracuj\u0105 przy tworzeniu wniosk\u00f3w o dotacje unijne oraz udzielaj\u0105 odpowiedzi na szereg pyta\u0144 zwi\u0105zanych z pozyskanie \u015brodk\u00f3w. Nasi Klienci otrzymaj\u0105 realn\u0105 szans\u0119 na uzyskanie dotacji, a co za tym idzie realizacj\u0119 zaplanowanych plan\u00f3w, inwestycji, wzmocnienie swojej pozycji na rynku, rozszerzenie oferty.&nbsp;Doradzamy nie tylko&nbsp;jak skutecznie pozyska\u0107 dotacj\u0119, ale te\u017c&nbsp;jak poprawnie zrealizowa\u0107 i rozliczy\u0107 projekt, jak zainwestowa\u0107 w rozw\u00f3j by zwi\u0119kszy\u0107 swoje szanse na rynku pracy. Ponadto wsp\u00f3\u0142pracujemy z otoczeniem biznesu w zakresie analizy potrzeb rynku pracy i kszta\u0142cenia zawodowego. Obszar dzia\u0142alno\u015bci obejmuje teren ca\u0142ej Polski.<\/p>\n\n\n\n<div class=\"wp-block-columns is-layout-flex wp-container-core-columns-is-layout-28f84493 wp-block-columns-is-layout-flex\">\n<div class=\"wp-block-column is-layout-flow wp-block-column-is-layout-flow\">\n<h3 class=\"wp-block-heading has-text-align-left\">Pomo\u017cemy w zakresie:<\/h3>\n\n\n\n<ul class=\"wp-block-list\">\n<li>Monitoring projektu \u2013 raporty z osi\u0105gni\u0119tych wska\u017anik\u00f3w, produkt\u00f3w,<\/li>\n\n\n\n<li>Sporz\u0105dzanie wniosk\u00f3w o p\u0142atno\u015b\u0107, <\/li>\n\n\n\n<li>Aktualizacja wniosk\u00f3w i harmonogram\u00f3w, <\/li>\n\n\n\n<li>Pomoc przy przeprowadzaniu post\u0119powania ofertowego, przygotowaniu um\u00f3w z wykonawcami i dostawcami, <\/li>\n\n\n\n<li>Utrzymywanie kontaktu z instytucja finansuj\u0105c\u0105 i wdra\u017caj\u0105c\u0105, <\/li>\n\n\n\n<li>Przygotowanie projekt\u00f3w do kontroli, <\/li>\n\n\n\n<li>Audyt zewn\u0119trzny.<\/li>\n<\/ul>\n<\/div>\n\n\n\n<div class=\"wp-block-column is-layout-flow wp-block-column-is-layout-flow\">\n<h3 class=\"wp-block-heading has-text-align-left\">A tak\u017ce:<\/h3>\n\n\n\n<ul class=\"wp-block-list\">\n<li>Opracowanie diagnozy potrzeb w zakresie aplikowania,<\/li>\n\n\n\n<li>Opracowanie wniosku aplikacyjnego wraz z za\u0142\u0105cznikami, <\/li>\n\n\n\n<li>Z\u0142o\u017cenie dokumentacji aplikacyjnej w odpowiedniej instytucji, <\/li>\n\n\n\n<li>Dokonywanie poprawek na etapie oceny formalnej i merytorycznej, <\/li>\n\n\n\n<li>Uczestniczenie w negocjacjach, <\/li>\n\n\n\n<li>Pomoc w kompletowaniu dokument\u00f3w do umowy o dofinansowanie, <\/li>\n\n\n\n<li>Doradztwo na etapie realizacji projektu,<\/li>\n<\/ul>\n<\/div>\n<\/div>\n","protected":false},"excerpt":{"rendered":"<p>POTRZEBUJESZ POMOCY EKSPERTA? Pomo\u017cemy Ci uzyska\u0107 dotacj\u0119 Nasi eksperci Nasi eksperci na co dzie\u0144 pracuj\u0105 przy tworzeniu wniosk\u00f3w o dotacje unijne oraz udzielaj\u0105 odpowiedzi na szereg pyta\u0144 zwi\u0105zanych z pozyskanie \u015brodk\u00f3w. Nasi Klienci otrzymaj\u0105 realn\u0105 szans\u0119 na uzyskanie dotacji, a co za tym idzie realizacj\u0119 zaplanowanych plan\u00f3w, inwestycji, wzmocnienie swojej pozycji na rynku, rozszerzenie oferty.&nbsp;Doradzamy [&hellip;]<\/p>\n","protected":false},"author":1,"featured_media":0,"parent":0,"menu_order":0,"comment_status":"closed","ping_status":"closed","template":"","meta":{"footnotes":""},"class_list":["post-48","page","type-page","status-publish","hentry"],"_links":{"self":[{"href":"http:\/\/sigmma.pl\/index.php\/wp-json\/wp\/v2\/pages\/48","targetHints":{"allow":["GET"]}}],"collection":[{"href":"http:\/\/sigmma.pl\/index.php\/wp-json\/wp\/v2\/pages"}],"about":[{"href":"http:\/\/sigmma.pl\/index.php\/wp-json\/wp\/v2\/types\/page"}],"author":[{"embeddable":true,"href":"http:\/\/sigmma.pl\/index.php\/wp-json\/wp\/v2\/users\/1"}],"replies":[{"embeddable":true,"href":"http:\/\/sigmma.pl\/index.php\/wp-json\/wp\/v2\/comments?post=48"}],"version-history":[{"count":8,"href":"http:\/\/sigmma.pl\/index.php\/wp-json\/wp\/v2\/pages\/48\/revisions"}],"predecessor-version":[{"id":210,"href":"http:\/\/sigmma.pl\/index.php\/wp-json\/wp\/v2\/pages\/48\/revisions\/210"}],"wp:attachment":[{"href":"http:\/\/sigmma.pl\/index.php\/wp-json\/wp\/v2\/media?parent=48"}],"curies":[{"name":"wp","href":"https:\/\/api.w.org\/{rel}","templated":true}]}}